{"id":1186,"date":"2018-08-31T18:23:31","date_gmt":"2018-08-31T21:23:31","guid":{"rendered":"https:\/\/isfdc1-sgo.infd.edu.ar\/sitio\/ubicacion\/"},"modified":"2020-03-30T14:33:31","modified_gmt":"2020-03-30T17:33:31","slug":"ubicacion","status":"publish","type":"page","link":"https:\/\/isfdc1-sgo.infd.edu.ar\/sitio\/ubicacion\/","title":{"rendered":"Ubicaci\u00f3n"},"content":{"rendered":"<p class=\"MsoNormal\" style=\"text-align: justify;\"><span style=\"font-size: 12pt;\">\u00a0\u00a0\u00a0\u00a0\u00a0\u00a0\u00a0\u00a0\u00a0\u00a0\u00a0\u00a0\u00a0<span style=\"font-family: verdana,geneva;\"><span style=\"font-size: 10pt;\">El instituto Superior de Formaci\u00f3n Docente Continua N\u00ba1 Monse\u00f1or Dr. Jorge Gottau, est\u00e1 ubicado en la ciudad de A\u00f1atuya, Provincia de Santiago del Estero,\u00a0Argentina.<\/span><\/span><\/span><\/p>\n<p class=\"MsoNormal\" style=\"text-align: justify;\"><span style=\"font-size: 12pt;\"><span style=\"font-family: andale mono,times;\"><span style=\"font-size: 12pt;\"><span style=\"font-family: verdana,geneva;\"><span style=\"font-size: 10pt;\">\u00a0\u00a0\u00a0\u00a0\u00a0\u00a0\u00a0\u00a0\u00a0\u00a0\u00a0\u00a0\u00a0\u00a0\u00a0A\u00f1atuya es una ciudad ubicada en el sudeste santiague\u00f1o, Dpto. General Antonino\u00a0Taboada, a unos 200 kil\u00f3metros de la capital provincial. Nuestra ciudad tiene un \u00e1rea de influencia importante que la hace receptora de las demandas educativas de una gran cantidad de j\u00f3venes de ciudades, pueblos y parajes ubicados en las zonas cercanas (Colonia Dora,\u00a0Los Jur\u00edes, Ica\u00f1o, Real Sayana, Herrera, Matar\u00e1, Suncho Corral, Los Telares, Salavina, El cuadrado, Vilelas, Lugones, etc.) y otras m\u00e1s alejadas pero pertenecientes a la Di\u00f3cesis de A\u00f1atuya (Bandera Bajada, Quimil\u00ed, San Jos\u00e9 del Boquer\u00f3n, etc.)<\/span><\/span><\/span><\/span><\/span><\/p>\n<p class=\"MsoNormal\" style=\"text-align: justify;\">\n<p class=\"MsoNormal\" style=\"text-align: center;\"><iframe loading=\"lazy\" src=\"http:\/\/maps.google.com.ar\/maps?f=q&amp;source=s_q&amp;hl=es&amp;geocode=&amp;q=estrada+y+25+de+mayo&amp;sll=-28.46558,-62.833561&amp;sspn=0.022749,0.038066&amp;g=a%C3%B1atuya&amp;ie=UTF8&amp;ll=-28.46558,-62.833561&amp;spn=0.022749,0.038066&amp;t=h&amp;output=embed\" width=\"425\" height=\"350\" frameborder=\"0\" marginwidth=\"0\" marginheight=\"0\" scrolling=\"no\"><\/iframe><\/p>\n<p class=\"MsoNormal\" style=\"text-align: justify;\"><span style=\"font-size: 10pt;\">\u00a0<\/span><\/p>\n","protected":false},"excerpt":{"rendered":"<p>\u00a0\u00a0\u00a0\u00a0\u00a0\u00a0\u00a0\u00a0\u00a0\u00a0\u00a0\u00a0\u00a0El instituto Superior de Formaci\u00f3n Docente Continua N\u00ba1 Monse\u00f1or Dr. Jorge Gottau, est\u00e1 ubicado en la ciudad de A\u00f1atuya, Provincia de Santiago del Estero,\u00a0Argentina. \u00a0\u00a0\u00a0\u00a0\u00a0\u00a0\u00a0\u00a0\u00a0\u00a0\u00a0\u00a0\u00a0\u00a0\u00a0A\u00f1atuya es una ciudad ubicada en el sudeste santiague\u00f1o, Dpto. General Antonino\u00a0Taboada, a unos 200 kil\u00f3metros de la capital provincial. Nuestra ciudad tiene un \u00e1rea de influencia importante que la hace &#8230; <a title=\"Ubicaci\u00f3n\" class=\"read-more\" href=\"https:\/\/isfdc1-sgo.infd.edu.ar\/sitio\/ubicacion\/\" aria-label=\"More on Ubicaci\u00f3n\">[+]<\/a><\/p>\n","protected":false},"author":9,"featured_media":0,"parent":0,"menu_order":0,"comment_status":"closed","ping_status":"closed","template":"","meta":[],"acf":[],"_links":{"self":[{"href":"https:\/\/isfdc1-sgo.infd.edu.ar\/sitio\/wp-json\/wp\/v2\/pages\/1186"}],"collection":[{"href":"https:\/\/isfdc1-sgo.infd.edu.ar\/sitio\/wp-json\/wp\/v2\/pages"}],"about":[{"href":"https:\/\/isfdc1-sgo.infd.edu.ar\/sitio\/wp-json\/wp\/v2\/types\/page"}],"author":[{"embeddable":true,"href":"https:\/\/isfdc1-sgo.infd.edu.ar\/sitio\/wp-json\/wp\/v2\/users\/9"}],"replies":[{"embeddable":true,"href":"https:\/\/isfdc1-sgo.infd.edu.ar\/sitio\/wp-json\/wp\/v2\/comments?post=1186"}],"version-history":[{"count":2,"href":"https:\/\/isfdc1-sgo.infd.edu.ar\/sitio\/wp-json\/wp\/v2\/pages\/1186\/revisions"}],"predecessor-version":[{"id":1338,"href":"https:\/\/isfdc1-sgo.infd.edu.ar\/sitio\/wp-json\/wp\/v2\/pages\/1186\/revisions\/1338"}],"wp:attachment":[{"href":"https:\/\/isfdc1-sgo.infd.edu.ar\/sitio\/wp-json\/wp\/v2\/media?parent=1186"}],"curies":[{"name":"wp","href":"https:\/\/api.w.org\/{rel}","templated":true}]}}