{"id":1270,"date":"2018-08-31T18:24:08","date_gmt":"2018-08-31T21:24:08","guid":{"rendered":"https:\/\/isfdc1-sgo.infd.edu.ar\/sitio\/estructura-curricular-4\/"},"modified":"2020-04-22T19:35:33","modified_gmt":"2020-04-22T22:35:33","slug":"estructura-curricular-4","status":"publish","type":"page","link":"https:\/\/isfdc1-sgo.infd.edu.ar\/sitio\/estructura-curricular-4\/","title":{"rendered":"ESTRUCTURA CURRICULAR"},"content":{"rendered":"<p style=\"text-align: center;\"><strong>ISFDCN\u00ba1 MONS JORGE GOTTAU- A\u00d1ATUYA<\/strong><\/p>\n<p><strong>\u00a0<\/strong><\/p>\n<p style=\"text-align: center;\"><strong>ESTRUCTURA CURRICULAR PARA EL PROFESORADO DE EDUCACI\u00d3N SECUNDARIA EN F\u00cdSICA\u00a0\u00a0 <\/strong><\/p>\n<table width=\"695\">\n<tbody>\n<tr>\n<td colspan=\"6\" width=\"695\">\n<p style=\"text-align: center;\"><strong>PRIMER A\u00d1O (\u00a0 1120 horas c\u00e1tedras)<\/strong><\/p>\n<\/td>\n<\/tr>\n<tr>\n<td rowspan=\"2\" width=\"147\">\n<p style=\"text-align: left;\"><strong>CAMPO<\/strong><\/p>\n<\/td>\n<td style=\"text-align: left;\" rowspan=\"2\" width=\"227\"><strong>UNIDADES CURRICULARES<\/strong><\/td>\n<td style=\"text-align: left;\" rowspan=\"2\" width=\"85\"><strong>Tipo de unidad<\/strong><\/td>\n<td style=\"text-align: left;\" rowspan=\"2\" width=\"85\"><strong>R\u00e9gimen<\/strong><\/td>\n<td style=\"text-align: left;\" colspan=\"2\" width=\"151\"><strong>Horas<\/strong><\/td>\n<\/tr>\n<tr>\n<td style=\"text-align: left;\" width=\"76\"><strong>Semanal<\/strong><\/td>\n<td width=\"76\">\n<p style=\"text-align: left;\"><strong>Total<\/strong><\/p>\n<\/td>\n<\/tr>\n<tr>\n<td rowspan=\"5\" width=\"147\"><strong>Formaci\u00f3n General<\/strong><\/p>\n<p><strong>(416 horas c\u00e1tedra)<\/strong><\/p>\n<p>&nbsp;<\/td>\n<td width=\"227\">Pedagog\u00eda<\/td>\n<td width=\"85\">Materia<\/td>\n<td width=\"85\">1\u00b0 C<\/td>\n<td width=\"76\">6<\/td>\n<td width=\"76\">96<\/td>\n<\/tr>\n<tr>\n<td width=\"227\">Psicolog\u00eda Educacional<\/td>\n<td width=\"85\">Materia<\/td>\n<td width=\"85\">2\u00b0 C<\/td>\n<td width=\"76\">6<\/td>\n<td width=\"76\">96<\/td>\n<\/tr>\n<tr>\n<td width=\"227\">Alfabetizaci\u00f3n Acad\u00e9mica<\/td>\n<td width=\"85\">Taller<\/td>\n<td width=\"85\">Anual<\/td>\n<td width=\"76\">3<\/td>\n<td width=\"76\">96<\/td>\n<\/tr>\n<tr>\n<td width=\"227\">Historia Argentina y Latinoamerica<\/td>\n<td width=\"85\">Materia<\/td>\n<td width=\"85\">1\u00b0 C<\/td>\n<td width=\"76\">4<\/td>\n<td width=\"76\">64<\/td>\n<\/tr>\n<tr>\n<td width=\"227\">Historia de la educaci\u00f3n y pol\u00edtica educacional argentina<\/td>\n<td width=\"85\">Materia<\/td>\n<td width=\"85\">2\u00b0 C<\/td>\n<td width=\"76\">4<\/td>\n<td width=\"76\">64<\/td>\n<\/tr>\n<tr>\n<td width=\"147\"><strong>Formaci\u00f3n en la Pr\u00e1ctica Profesional <\/strong><\/p>\n<p><strong>(128 horas c\u00e1tedra)<\/strong><\/p>\n<p>&nbsp;<\/td>\n<td width=\"227\">Pr\u00e1ctica I<\/p>\n<p>La Instituci\u00f3n Educativa<\/td>\n<td width=\"85\">Pr\u00e1ctica<\/td>\n<td width=\"85\">Anual<\/td>\n<td width=\"76\">4<\/td>\n<td width=\"76\">128<\/td>\n<\/tr>\n<tr>\n<td rowspan=\"5\" width=\"147\"><strong>Formaci\u00f3n Espec\u00edfica<\/strong><\/p>\n<p><strong>(544 horas c\u00e1tedra)<\/strong><\/p>\n<p><strong>\u00a0<\/strong><\/td>\n<td width=\"227\">Matem\u00e1tica I<\/td>\n<td width=\"85\">Materia<\/td>\n<td width=\"85\">1\u00ba C<\/td>\n<td width=\"76\">4<\/td>\n<td width=\"76\">64<\/td>\n<\/tr>\n<tr>\n<td width=\"227\">Matem\u00e1tica II<\/td>\n<td width=\"85\">Materia<\/td>\n<td width=\"85\">2\u00ba C<\/td>\n<td width=\"76\">4<\/td>\n<td width=\"76\">64<\/td>\n<\/tr>\n<tr>\n<td width=\"227\">C\u00e1lculo I<\/td>\n<td width=\"85\">Materia<\/td>\n<td width=\"85\">Anual<\/td>\n<td width=\"76\">4<\/td>\n<td width=\"76\">128<\/td>\n<\/tr>\n<tr>\n<td width=\"227\">F\u00edsica I<\/td>\n<td width=\"85\">Materia<\/td>\n<td width=\"85\">Anual<\/td>\n<td width=\"76\">5<\/td>\n<td width=\"76\">160<\/td>\n<\/tr>\n<tr>\n<td width=\"227\">Qu\u00edmica<\/td>\n<td width=\"85\">Materia<\/td>\n<td width=\"85\">Anual<\/td>\n<td width=\"76\">4<\/td>\n<td width=\"76\">128<\/td>\n<\/tr>\n<\/tbody>\n<\/table>\n<p>&nbsp;<\/p>\n<p><strong>\u00a0<\/strong><\/p>\n<p>&nbsp;<\/p>\n<p>&nbsp;<\/p>\n<p><strong>\u00a0<\/strong><\/p>\n<p><strong>\u00a0<\/strong><\/p>\n<table width=\"684\">\n<tbody>\n<tr>\n<td colspan=\"6\" width=\"684\"><strong>SEGUNDO A\u00d1O (<\/strong><strong>1056<\/strong><strong> horas c\u00e1tedra)\u00a0 <\/strong><\/td>\n<\/tr>\n<tr>\n<td rowspan=\"2\" width=\"145\"><strong>CAMPO<\/strong><\/td>\n<td rowspan=\"2\" width=\"255\"><strong>UNIDADES CURRICULARES<\/strong><\/td>\n<td rowspan=\"2\" width=\"66\"><strong>Tipo de unidad<\/strong><\/td>\n<td rowspan=\"2\" width=\"76\"><strong>R\u00e9gimen<\/strong><\/td>\n<td colspan=\"2\" width=\"142\"><strong>Horas<\/strong><\/td>\n<\/tr>\n<tr>\n<td width=\"76\"><strong>Semanal<\/strong><\/td>\n<td width=\"66\"><strong>Total<\/strong><\/td>\n<\/tr>\n<tr>\n<td rowspan=\"3\" width=\"145\"><strong>Formaci\u00f3n General<\/strong><\/p>\n<p><strong>(256 horas c\u00e1tedra)<\/strong><\/p>\n<p>&nbsp;<\/td>\n<td width=\"255\">Did\u00e1ctica General<\/td>\n<td width=\"66\">Materia<\/td>\n<td width=\"76\">Anual<\/td>\n<td width=\"76\">4<\/td>\n<td width=\"66\">128<\/td>\n<\/tr>\n<tr>\n<td width=\"255\">Sociolog\u00eda de la Educaci\u00f3n<\/td>\n<td width=\"66\">Materia<\/td>\n<td width=\"76\">2\u00b0 C<\/td>\n<td width=\"76\">4<\/td>\n<td width=\"66\">\u00a064<\/td>\n<\/tr>\n<tr>\n<td width=\"255\">Filosof\u00eda de la Educaci\u00f3n<\/td>\n<td width=\"66\">Materia<\/td>\n<td width=\"76\">1\u00b0 C<\/td>\n<td width=\"76\">4<\/td>\n<td width=\"66\">64<\/td>\n<\/tr>\n<tr>\n<td width=\"145\"><strong>Formaci\u00f3n en la Pr\u00e1ctica Profesional <\/strong><\/p>\n<p><strong>(128 <\/strong><strong>horas c\u00e1tedra<\/strong><strong>)<\/strong><\/p>\n<p><strong>\u00a0<\/strong><\/td>\n<td width=\"255\">Pr\u00e1ctica II<\/p>\n<p>Curr\u00edculum,\u00a0 sujetos y contextos<\/td>\n<td width=\"66\">Pr\u00e1ctica<\/td>\n<td width=\"76\">Anual<\/td>\n<td width=\"76\">4<\/td>\n<td width=\"66\">128<\/td>\n<\/tr>\n<tr>\n<td rowspan=\"6\" width=\"145\"><strong>Formaci\u00f3n Espec\u00edfica<\/strong><\/p>\n<p><strong>(624horas c\u00e1tedra)<\/strong><\/p>\n<p><strong>\u00a0<\/strong><\/td>\n<td width=\"255\">Sujeto de la educaci\u00f3n<\/td>\n<td width=\"66\">Materia<\/td>\n<td width=\"76\">Anual<\/td>\n<td width=\"76\">4<\/td>\n<td width=\"66\">128<\/td>\n<\/tr>\n<tr>\n<td width=\"255\">C\u00e1lculo II<\/td>\n<td width=\"66\">Materia<\/td>\n<td width=\"76\">Anual<\/td>\n<td width=\"76\">4<\/td>\n<td width=\"66\">128<\/td>\n<\/tr>\n<tr>\n<td width=\"255\">F\u00edsica II: Mec\u00e1nica de fluidos<\/td>\n<td width=\"66\">Materia<\/td>\n<td width=\"76\">1\u00b0 C<\/td>\n<td width=\"76\">5<\/td>\n<td width=\"66\">\u00a080<\/td>\n<\/tr>\n<tr>\n<td width=\"255\">F\u00edsica III: \u00d3ptica<\/td>\n<td width=\"66\">Materia<\/td>\n<td width=\"76\">2\u00ba C<\/td>\n<td width=\"76\">5<\/td>\n<td width=\"66\">80<\/td>\n<\/tr>\n<tr>\n<td width=\"255\">Laboratorio I de F\u00edsica<\/td>\n<td width=\"66\">Taller<\/td>\n<td width=\"76\">Anual<\/td>\n<td width=\"76\">4<\/td>\n<td width=\"66\">128<\/td>\n<\/tr>\n<tr>\n<td width=\"255\">Probabilidad y Estad\u00edstica<\/td>\n<td width=\"66\">Materia<\/td>\n<td width=\"76\">2\u00b0 C<\/td>\n<td width=\"76\">5<\/td>\n<td width=\"66\">\u00a080<\/td>\n<\/tr>\n<\/tbody>\n<\/table>\n<p>&nbsp;<\/p>\n<p>&nbsp;<\/p>\n<p>&nbsp;<\/p>\n<p>&nbsp;<\/p>\n<p>&nbsp;<\/p>\n<table width=\"684\">\n<tbody>\n<tr>\n<td colspan=\"6\" width=\"684\"><strong>TERCER A\u00d1O (<\/strong><strong>1024 <\/strong><strong>horas c\u00e1tedra) <\/strong><\/td>\n<\/tr>\n<tr>\n<td rowspan=\"2\" width=\"147\"><strong>CAMPO<\/strong><\/td>\n<td rowspan=\"2\" width=\"253\"><strong>UNIDADES CURRICULARES<\/strong><\/td>\n<td rowspan=\"2\" width=\"76\"><strong>Tipo de unidad<\/strong><\/td>\n<td rowspan=\"2\" width=\"76\"><strong>R\u00e9gimen<\/strong><\/td>\n<td colspan=\"2\" width=\"132\"><strong>Horas<\/strong><\/td>\n<\/tr>\n<tr>\n<td width=\"66\"><strong>Semanal<\/strong><\/td>\n<td width=\"66\"><strong>Total<\/strong><\/td>\n<\/tr>\n<tr>\n<td rowspan=\"2\" width=\"147\"><strong>Formaci\u00f3n General <\/strong><\/p>\n<p><strong>(128 horas c\u00e1tedra)<\/strong><\/p>\n<p>&nbsp;<\/td>\n<td width=\"253\">Epistemolog\u00eda e Historia de la Ciencia<\/td>\n<td width=\"76\">Taller<\/td>\n<td width=\"76\">1\u00b0 C<\/td>\n<td width=\"66\">4<\/td>\n<td width=\"66\">\u00a064<\/td>\n<\/tr>\n<tr>\n<td width=\"253\">Tecnolog\u00eda de la Informaci\u00f3n y la Comunicaci\u00f3n<\/td>\n<td width=\"76\">Taller<\/td>\n<td width=\"76\">2\u00b0 C<\/td>\n<td width=\"66\">4<\/td>\n<td width=\"66\">\u00a064<\/td>\n<\/tr>\n<tr>\n<td width=\"147\"><strong>Formaci\u00f3n en la Pr\u00e1ctica Profesional <\/strong><\/p>\n<p><strong>(192 horas c\u00e1tedra)<\/strong><\/p>\n<p>&nbsp;<\/td>\n<td width=\"253\">Pr\u00e1ctica III:<\/p>\n<p>Programaci\u00f3n\u00a0 Did\u00e1ctica y Gesti\u00f3n de Micro-experiencias de ense\u00f1anza<\/td>\n<td width=\"76\">Pr\u00e1ctica<\/td>\n<td width=\"76\">Anual<\/td>\n<td width=\"66\">6<\/td>\n<td width=\"66\">192<\/td>\n<\/tr>\n<tr>\n<td rowspan=\"7\" width=\"147\"><strong>Formaci\u00f3n Espec\u00edfica<\/strong><\/p>\n<p><strong>(672 horas c\u00e1tedra)<\/strong><\/p>\n<p>&nbsp;<\/td>\n<td width=\"253\">Did\u00e1ctica de la F\u00edsica<\/td>\n<td width=\"76\">Materia<\/td>\n<td width=\"76\">Anual<\/td>\n<td width=\"66\">5<\/td>\n<td width=\"66\">160<\/td>\n<\/tr>\n<tr>\n<td width=\"253\">Fen\u00f3menos Ondulatorios<\/td>\n<td width=\"76\">Materia<\/td>\n<td width=\"76\">Anual<\/td>\n<td width=\"66\">3<\/td>\n<td width=\"66\">96<\/td>\n<\/tr>\n<tr>\n<td width=\"253\">F\u00edsica IV: Termodin\u00e1mica<\/td>\n<td width=\"76\">Materia<\/td>\n<td width=\"76\">1\u00b0 C<\/td>\n<td width=\"66\">5<\/td>\n<td width=\"66\">80<\/td>\n<\/tr>\n<tr>\n<td width=\"253\">F\u00edsica V: Electromagnetismo<\/td>\n<td width=\"76\">\u00a0Materia<\/td>\n<td width=\"76\">2\u00b0 C<\/td>\n<td width=\"66\">5<\/td>\n<td width=\"66\">80<\/td>\n<\/tr>\n<tr>\n<td width=\"253\">Laboratorio II de F\u00edsica<\/td>\n<td width=\"76\">Taller<\/td>\n<td width=\"76\">Anual<\/td>\n<td width=\"66\">4<\/td>\n<td width=\"66\">128<\/td>\n<\/tr>\n<tr>\n<td width=\"253\">Inform\u00e1tica Educativa<\/td>\n<td width=\"76\">Seminario<\/td>\n<td width=\"76\">1\u00b0 C<\/td>\n<td width=\"66\">4<\/td>\n<td width=\"66\">\u00a064<\/td>\n<\/tr>\n<tr>\n<td width=\"253\">Matem\u00e1tica Aplicada<\/td>\n<td width=\"76\">Materia<\/td>\n<td width=\"76\">2\u00b0 C<\/td>\n<td width=\"66\">4<\/td>\n<td width=\"66\">64<\/td>\n<\/tr>\n<\/tbody>\n<\/table>\n<p>&nbsp;<\/p>\n<p>&nbsp;<\/p>\n<p>&nbsp;<\/p>\n<p>&nbsp;<\/p>\n<p>&nbsp;<\/p>\n<table width=\"675\">\n<tbody>\n<tr>\n<td colspan=\"6\" width=\"675\"><strong>CUARTO A\u00d1O (<\/strong><strong>1008<\/strong><strong> horas c\u00e1tedra)<\/strong><\/td>\n<\/tr>\n<tr>\n<td rowspan=\"2\" width=\"155\"><strong>CAMPO<\/strong><\/td>\n<td rowspan=\"2\" width=\"274\"><strong>UNIDADES CURRICULARES<\/strong><\/td>\n<td rowspan=\"2\" width=\"85\"><strong>Tipo de unidad<\/strong><\/td>\n<td rowspan=\"2\" width=\"76\"><strong>R\u00e9gimen<\/strong><\/td>\n<td colspan=\"2\" width=\"85\"><strong>Horas<\/strong><\/td>\n<\/tr>\n<tr>\n<td width=\"38\"><strong>Sem<\/strong><\/td>\n<td width=\"47\"><strong>Total<\/strong><\/td>\n<\/tr>\n<tr>\n<td rowspan=\"3\" width=\"155\"><strong>Formaci\u00f3n General\u00a0\u00a0\u00a0\u00a0\u00a0\u00a0\u00a0\u00a0\u00a0\u00a0\u00a0\u00a0\u00a0\u00a0 (176 horas c\u00e1tedra)<\/strong><\/td>\n<td width=\"274\">Formaci\u00f3n \u00c9tica y Ciudadana<\/td>\n<td width=\"85\">Materia<\/td>\n<td width=\"76\">1\u00b0 C<\/td>\n<td width=\"38\">4<\/td>\n<td width=\"47\">64<\/td>\n<\/tr>\n<tr>\n<td width=\"274\">Educaci\u00f3n Sexual Integral<\/td>\n<td width=\"85\">Seminario<\/td>\n<td width=\"76\">2\u00b0 C<\/td>\n<td width=\"38\">3<\/td>\n<td width=\"47\">48<\/td>\n<\/tr>\n<tr>\n<td width=\"274\">Integraci\u00f3n e inclusi\u00f3n educativa<\/td>\n<td width=\"85\">Seminario<\/td>\n<td width=\"76\">2\u00b0 C<\/td>\n<td width=\"38\">4<\/td>\n<td width=\"47\">64<\/td>\n<\/tr>\n<tr>\n<td width=\"155\"><strong>Formaci\u00f3n en la Pr\u00e1ctica Profesional\u00a0\u00a0\u00a0\u00a0\u00a0 <\/strong><\/p>\n<p><strong>(384 horas c\u00e1tedra)<\/strong><\/p>\n<p>&nbsp;<\/td>\n<td width=\"274\">Residencia y sistematizaci\u00f3n de experiencias: Dise\u00f1o, ense\u00f1anza y evaluaci\u00f3n.<\/p>\n<p>&nbsp;<\/td>\n<td width=\"85\">Pr\u00e1ctica<\/td>\n<td width=\"76\">Anual<\/td>\n<td width=\"38\">12<\/td>\n<td width=\"47\">384<\/td>\n<\/tr>\n<tr>\n<td rowspan=\"4\" width=\"155\"><strong>Formaci\u00f3n Espec\u00edfica <\/strong><\/p>\n<p><strong>(448 horas c\u00e1tedra)<\/strong><\/p>\n<p>&nbsp;<\/td>\n<td width=\"274\">La F\u00edsica del siglo XX<\/td>\n<td width=\"85\">Materia<\/td>\n<td width=\"76\">Anual<\/td>\n<td width=\"38\">6<\/td>\n<td width=\"47\">192<\/td>\n<\/tr>\n<tr>\n<td width=\"274\">Astronom\u00eda<\/td>\n<td width=\"85\">Seminario<\/td>\n<td width=\"76\">1\u00ba C<\/td>\n<td width=\"38\">4<\/td>\n<td width=\"47\">64<\/td>\n<\/tr>\n<tr>\n<td width=\"274\">F\u00edsica Qu\u00edmica<\/td>\n<td width=\"85\">Materia<\/td>\n<td width=\"76\">2\u00ba C<\/td>\n<td width=\"38\">4<\/td>\n<td width=\"47\">64<\/td>\n<\/tr>\n<tr>\n<td width=\"274\">F\u00edsica y ecolog\u00eda<\/td>\n<td width=\"85\">Materia<\/td>\n<td width=\"76\">Anual<\/td>\n<td width=\"38\">4<\/td>\n<td width=\"47\">128<\/td>\n<\/tr>\n<\/tbody>\n<\/table>\n<p>&nbsp;<\/p>\n<p>&nbsp;<\/p>\n","protected":false},"excerpt":{"rendered":"<p>ISFDCN\u00ba1 MONS JORGE GOTTAU- A\u00d1ATUYA \u00a0 ESTRUCTURA CURRICULAR PARA EL PROFESORADO DE EDUCACI\u00d3N SECUNDARIA EN F\u00cdSICA\u00a0\u00a0 PRIMER A\u00d1O (\u00a0 1120 horas c\u00e1tedras) CAMPO UNIDADES CURRICULARES Tipo de unidad R\u00e9gimen Horas Semanal Total Formaci\u00f3n General (416 horas c\u00e1tedra) &nbsp; Pedagog\u00eda Materia 1\u00b0 C 6 96 Psicolog\u00eda Educacional Materia 2\u00b0 C 6 96 Alfabetizaci\u00f3n Acad\u00e9mica Taller Anual &#8230; <a title=\"ESTRUCTURA CURRICULAR\" class=\"read-more\" href=\"https:\/\/isfdc1-sgo.infd.edu.ar\/sitio\/estructura-curricular-4\/\" aria-label=\"More on ESTRUCTURA CURRICULAR\">[+]<\/a><\/p>\n","protected":false},"author":9,"featured_media":0,"parent":0,"menu_order":0,"comment_status":"closed","ping_status":"closed","template":"","meta":[],"acf":[],"_links":{"self":[{"href":"https:\/\/isfdc1-sgo.infd.edu.ar\/sitio\/wp-json\/wp\/v2\/pages\/1270"}],"collection":[{"href":"https:\/\/isfdc1-sgo.infd.edu.ar\/sitio\/wp-json\/wp\/v2\/pages"}],"about":[{"href":"https:\/\/isfdc1-sgo.infd.edu.ar\/sitio\/wp-json\/wp\/v2\/types\/page"}],"author":[{"embeddable":true,"href":"https:\/\/isfdc1-sgo.infd.edu.ar\/sitio\/wp-json\/wp\/v2\/users\/9"}],"replies":[{"embeddable":true,"href":"https:\/\/isfdc1-sgo.infd.edu.ar\/sitio\/wp-json\/wp\/v2\/comments?post=1270"}],"version-history":[{"count":2,"href":"https:\/\/isfdc1-sgo.infd.edu.ar\/sitio\/wp-json\/wp\/v2\/pages\/1270\/revisions"}],"predecessor-version":[{"id":1371,"href":"https:\/\/isfdc1-sgo.infd.edu.ar\/sitio\/wp-json\/wp\/v2\/pages\/1270\/revisions\/1371"}],"wp:attachment":[{"href":"https:\/\/isfdc1-sgo.infd.edu.ar\/sitio\/wp-json\/wp\/v2\/media?parent=1270"}],"curies":[{"name":"wp","href":"https:\/\/api.w.org\/{rel}","templated":true}]}}