{"id":1273,"date":"2018-08-31T18:24:10","date_gmt":"2018-08-31T21:24:10","guid":{"rendered":"https:\/\/isfdc1-sgo.infd.edu.ar\/sitio\/mons-gottau\/"},"modified":"2020-03-30T14:56:03","modified_gmt":"2020-03-30T17:56:03","slug":"mons-gottau","status":"publish","type":"page","link":"https:\/\/isfdc1-sgo.infd.edu.ar\/sitio\/mons-gottau\/","title":{"rendered":"Mons. Gottau"},"content":{"rendered":"<p><img decoding=\"async\" loading=\"lazy\" class=\"size-full wp-image-1340 aligncenter\" src=\"https:\/\/isfdc1-sgo.infd.edu.ar\/sitio\/wp-content\/uploads\/2020\/03\/gottau-siervo-de-Dios.jpg\" alt=\"\" width=\"179\" height=\"256\" \/><\/p>\n<p>Jorge Gottau naci\u00f3 en Esteban Gasc\u00f3n, provincia de Buenos Aires, el 23 de Mayo de 1917 en el seno de la familia formada por Jos\u00e9 Gottau y Juliana Bahl, inmigrantes alemanes del Volga, tuvo 15 hermanos. Curs\u00f3 la escuela primaria en el colegio del Ni\u00f1o Jes\u00fas de la colonia San Miguel Arcangel. Desde peque\u00f1o sinti\u00f3 su vocaci\u00f3n sacerdotal, a los 11 a\u00f1os de edad dej\u00f3 su casa para ingresar al seminario menor de los Padres Redentoristas en Bella Vista. All\u00ed comenz\u00f3 el camino que lo llevar\u00eda a ser un misionero incansable y un verdadero padre de los pobres.<\/p>\n<p>A principios de 1937, pas\u00f3 al noviciado en Manuel Ocampo, cerca de Pergamino. Luego de un a\u00f1o hizo sus primeros votos religiosos en la Congregaci\u00f3n del Sant\u00edsimo Redentor. Tres d\u00edas m\u00e1s tarde se traslad\u00f3 al seminario de Villa Allende, C\u00f3rdoba, donde completar\u00eda sus estudios de Filosof\u00eda y Teolog\u00eda. All\u00ed descubri\u00f3 los dones que Dios le hab\u00eda regalado para cumplir la misi\u00f3n encomendada.<\/p>\n<p>El 19 de Octubre de 1942, en Villa Allende, recibi\u00f3 el sacramento del Orden Sagrado. Su primera Misa la celebr\u00f3 en la localidad de Santa Teresa, en La Pampa. En Julio de 1944 lleg\u00f3 a la parroquia Nuestra Se\u00f1ora del Perpetuo Socorro de Darregueira para desempe\u00f1arse como sacerdote misionero hasta 1955 cuando asumi\u00f3 como p\u00e1rroco. Al poco tiempo, en 1956, fue electo Superior Provincial de los Padres Redentoristas de Argentina.<\/p>\n<p>Durante el a\u00f1o 1961 la Santa Sede cre\u00f3 varias di\u00f3cesis en nuestro pa\u00eds, entre ellas la de A\u00f1atuya, en la provincia de Santiago del Estero. La zona de A\u00f1atuya era muy pobre en recursos y medios, pero era m\u00e1s pobre a\u00fan en lo espiritual y religioso. Se necesitaba un obispo aut\u00e9nticamente misionero, y el Papa Juan XXIII encontr\u00f3 en Jorge Gottau a la persona indicada. Recibi\u00f3 la Consagraci\u00f3n Episcopal de manos del cardenal Caggiano en la parroquia Nuestra Se\u00f1ora de las Victoria, en Buenos Aires, el d\u00eda 26 de Agosto de 1961. El 1ro. de Octubre de ese mismo a\u00f1o se hizo cargo de su di\u00f3cesis.<\/p>\n<p>Recibi\u00f3 una di\u00f3cesis que contaba s\u00f3lo con 7 parroquias y 7 sacerdotes para atender 120.000 habitantes desperdigados en 68.000 Km2.<strong> \u00a0<\/strong>Al llegar a A\u00f1atuya, acompa\u00f1ado por el padre Emilio de Elejalde, recorri\u00f3 toda la di\u00f3cesis e inmediatamente se dedic\u00f3 a conseguir recursos econ\u00f3micos y colaboradores para desarrollar una obra magn\u00edfica que llen\u00f3 de esperanza a todos los habitantes de la regi\u00f3n del chaco santiague\u00f1o.<\/p>\n<p>Recibi\u00f3 apoyo de di\u00f3cesis e instituciones de Alemania y de muchas parroquias de Buenos Aires, adem\u00e1s cosech\u00f3 agentes de pastoral en Europa y Latinoam\u00e9rica. Durante los 31 a\u00f1os de ministerio episcopal cre\u00f3 15 parroquias y m\u00e1s de 300 capillas, con la colaboraci\u00f3n de 30 sacerdotes, 150 religiosas y gran cantidad de religiosos y laicos. Tambi\u00e9n cre\u00f3 25 centros educativos, contando entre ellos primarios, secundarios, terciarios, agrot\u00e9cnicos, centros de capacitaci\u00f3n laboral, talleres, una escuela de educaci\u00f3n especial, etc. Adem\u00e1s cre\u00f3 6 hogares, uno para ni\u00f1os, tres de ancianos y dos de discapacitados. Promovi\u00f3 cooperativas y el denominado \u00abProyecto del Salado\u00bb que benefici\u00f3 a cientos de productores. Gestion\u00f3 la construcci\u00f3n de canales de riego y la construcci\u00f3n de aljibes y postas sanitarias. Cre\u00f3 un plan de viviendas para erradicar las viviendas rancho, en las que se reproducen las vinchucas. Tambi\u00e9n cre\u00f3 delegaciones de C\u00e1ritas y comedores en todas las parroquias. Adem\u00e1s se crearon tres radios, un centro deportivo y un centro cultural.<\/p>\n<p>Trascendiendo las fronteras de su di\u00f3cesis, en el a\u00f1o 1970, cre\u00f3 la colecta nacional \u00abM\u00e1s por menos\u00bb destinada a las di\u00f3cesis m\u00e1s necesitadas de nuestro pa\u00eds, constituyendo una puesta en com\u00fan de los bienes entre los cristianos argentinos para que los que tienen M\u00c1S ayuden a los que tienen MENOS.<\/p>\n<p>Monse\u00f1or Jorge Gottau renunci\u00f3 por edad a la di\u00f3cesis de A\u00f1atuya el d\u00eda 19 de Diciembre de 1992. \u00a0Dej\u00f3 la di\u00f3cesis en una emotiva despedida en la que fue nombrado \u00abciudadano ilustre\u00bb por el Gobierno de Santiago del Estero, en reconocimiento a su extensa labor realizada. Falleci\u00f3 el 24 de Abril de 1994, a los 77 a\u00f1os, en la Ciudad de Buenos Aires. Actualmente sus restos descansan en la catedral de A\u00f1atuya.<\/p>\n<h6 style=\"text-align: right;\"><span style=\"line-height: 1.5;\">Fuente<\/span>: Fundaci\u00f3n Gottau \u00abSu vida\u00bb en\u00a0<span style=\"line-height: 1.5;\">http:\/\/fundaciongottau.org.ar\/jorgegottau\/?page_id=2<\/span><\/h6>\n<p><em>Causa de canonizaci\u00f3n<\/em><\/p>\n<p><em>Breve rese\u00f1a del Proceso de Canonizaci\u00f3n:<\/em><\/p>\n<p>En Mayo de 2004 mons. Adolfo Uriona es nombrado Obispo de la Di\u00f3cesis de A\u00f1atuya, y en Noviembre del mismo a\u00f1o asume como presidente de la Fundaci\u00f3n mons. Jorge Gottau. En sus primeros a\u00f1os como Obispo de A\u00f1atuya, mons. Uriona, recibe una importante cantidad de solicitudes para iniciar la causa de canonizaci\u00f3n de mons. Jorge Gottau, el primer Obispo de la citada di\u00f3cesis. Por su parte mons. Uriona traslada esa inquietud a la Fundaci\u00f3n Gottau y \u00e9sta comienza a investigar el tema recabando testimonios informales sobre la persona de mons. Gottau.<\/p>\n<p>A fines del a\u00f1o 2009, la Fundaci\u00f3n comienza las consultas para iniciar la causa en el Arzobispo de Buenos Aires, debido a que mons. Jorge falleci\u00f3 en la Capital Federal. A mediados de 2010 se recibe el nihil obstat (nada impide)\u00a0de la Santa Sede y\u00a0el 29\u00a0de Junio de ese mismo a\u00f1o comienza formalmente la causa de canonizaci\u00f3n en el Arzobispado de Buenos Aires.<\/p>\n<p>Posteriormente se fueron sumando como co-actores del proceso la Di\u00f3cesis de A\u00f1atuya y la Congregaci\u00f3n del Sant\u00edsimo Redentor (los padres redentoristas) a la que perteneci\u00f3 el siervo de Dios Jorge Gottau.<\/p>\n<p>Entre 2010 y 2013 se han ido tomando los testimonios formales que formar\u00e1n parte del proceso, paralelamente se ha ido confeccionando un archivo de todo lo escrito por y sobre mons. Jorge Gottau. A fines de 2013 ha comenzado a trabajar la historiadora M. Isabel de Ruschi.<\/p>\n<p>Por su parte la Fundaci\u00f3n Gottau est\u00e1 publicando material de difusi\u00f3n sobre la vida de mons. Jorge Gottau, mientras que en la di\u00f3cesis de A\u00f1atuya y en varios puntos del pa\u00eds se va instaurando la devoci\u00f3n personal a la figura del primer Obispo de A\u00f1atuya y creador de la Colecta nacional \u00abM\u00e1s por menos\u00bb.<\/p>\n<p>En el mes de septiembre de 2014 jur\u00f3 como nuevo postulador de la causa el dr. Pablo Luis Di Meglio y fue propuesto como vicepostulador el sacerdote orionita Juan Ram\u00f3n Molina. Manifestamos nuestro agradecimiento a la hna. Mar\u00eda Isabel Fern\u00e1ndez y al padre Francisco Morad por la labor realizada como postuladora y vicepostulador respectivamente durante los inicios del proceso de canonizaci\u00f3n.<\/p>\n<h6 style=\"text-align: right;\"><span style=\"line-height: 1.5;\">Fuente<\/span>: Fundaci\u00f3n Gottau \u00abCausa de canonizaci\u00f3n\u00bb en\u00a0http:\/\/fundaciongottau.org.ar\/jorgegottau\/?page_id=11<\/h6>\n<p><img decoding=\"async\" class=\"aligncenter\" title=\"Cartelera\" src=\"https:\/\/isfdc1-sgo.infd.edu.ar\/sitio\/wp-content\/uploads\/2018\/08\/24042013442.jpg\" alt=\"Cartelera\" border=\"0\" \/><\/p>\n","protected":false},"excerpt":{"rendered":"<p>Jorge Gottau naci\u00f3 en Esteban Gasc\u00f3n, provincia de Buenos Aires, el 23 de Mayo de 1917 en el seno de la familia formada por Jos\u00e9 Gottau y Juliana Bahl, inmigrantes alemanes del Volga, tuvo 15 hermanos. Curs\u00f3 la escuela primaria en el colegio del Ni\u00f1o Jes\u00fas de la colonia San Miguel Arcangel. Desde peque\u00f1o sinti\u00f3 &#8230; <a title=\"Mons. Gottau\" class=\"read-more\" href=\"https:\/\/isfdc1-sgo.infd.edu.ar\/sitio\/mons-gottau\/\" aria-label=\"More on Mons. Gottau\">[+]<\/a><\/p>\n","protected":false},"author":9,"featured_media":0,"parent":0,"menu_order":0,"comment_status":"closed","ping_status":"closed","template":"","meta":[],"acf":[],"_links":{"self":[{"href":"https:\/\/isfdc1-sgo.infd.edu.ar\/sitio\/wp-json\/wp\/v2\/pages\/1273"}],"collection":[{"href":"https:\/\/isfdc1-sgo.infd.edu.ar\/sitio\/wp-json\/wp\/v2\/pages"}],"about":[{"href":"https:\/\/isfdc1-sgo.infd.edu.ar\/sitio\/wp-json\/wp\/v2\/types\/page"}],"author":[{"embeddable":true,"href":"https:\/\/isfdc1-sgo.infd.edu.ar\/sitio\/wp-json\/wp\/v2\/users\/9"}],"replies":[{"embeddable":true,"href":"https:\/\/isfdc1-sgo.infd.edu.ar\/sitio\/wp-json\/wp\/v2\/comments?post=1273"}],"version-history":[{"count":2,"href":"https:\/\/isfdc1-sgo.infd.edu.ar\/sitio\/wp-json\/wp\/v2\/pages\/1273\/revisions"}],"predecessor-version":[{"id":1341,"href":"https:\/\/isfdc1-sgo.infd.edu.ar\/sitio\/wp-json\/wp\/v2\/pages\/1273\/revisions\/1341"}],"wp:attachment":[{"href":"https:\/\/isfdc1-sgo.infd.edu.ar\/sitio\/wp-json\/wp\/v2\/media?parent=1273"}],"curies":[{"name":"wp","href":"https:\/\/api.w.org\/{rel}","templated":true}]}}