{"id":1275,"date":"2018-08-31T18:24:10","date_gmt":"2018-08-31T21:24:10","guid":{"rendered":"https:\/\/isfdc1-sgo.infd.edu.ar\/sitio\/regimen-de-correlatividades-4\/"},"modified":"2020-04-22T19:03:43","modified_gmt":"2020-04-22T22:03:43","slug":"regimen-de-correlatividades-4","status":"publish","type":"page","link":"https:\/\/isfdc1-sgo.infd.edu.ar\/sitio\/regimen-de-correlatividades-4\/","title":{"rendered":"R\u00e9gimen de correlatividades"},"content":{"rendered":"<p style=\"text-align: center;\">PROFESORADO DE EDUCACI\u00d3N SECUNDARIA EN F\u00cdSICA<\/p>\n<p style=\"text-align: center;\">R\u00e9gimen de Correlatividades &#8211; RESOLUCI\u00d3N MINISTERIAL N\u00ba 0503<\/p>\n<p>&nbsp;<\/p>\n<table>\n<tbody>\n<tr>\n<td width=\"45\"><strong>N\u00b0 de <\/strong><strong>Orden<\/strong><\/td>\n<td width=\"217\"><strong>\u00a0<\/strong><\/p>\n<p><strong>Unidad Curricular<\/strong><\/td>\n<td width=\"66\"><strong>R\u00e9gimen de Cursado<\/strong><\/td>\n<td width=\"104\"><strong>Para cursar debe tener Regular<\/strong><\/td>\n<td colspan=\"2\" width=\"95\"><strong>Para cursar debe tener Aprobado<\/strong><\/td>\n<td width=\"123\"><strong>Para rendir o promocionar debe tener Aprobado<\/strong><\/td>\n<td width=\"80\"><strong>\u00a0<\/strong><\/p>\n<p><strong>Curso<\/strong><\/td>\n<\/tr>\n<tr>\n<td width=\"45\">1<\/td>\n<td width=\"217\">Pedagog\u00eda<\/td>\n<td width=\"66\">1\u00b0 C<\/td>\n<td width=\"104\"><\/td>\n<td colspan=\"2\" width=\"95\"><\/td>\n<td width=\"123\"><\/td>\n<td rowspan=\"11\" width=\"80\">&nbsp;<\/p>\n<p>&nbsp;<\/p>\n<p>&nbsp;<\/p>\n<p>&nbsp;<\/p>\n<p>PRIMER<\/p>\n<p>A\u00d1O<\/td>\n<\/tr>\n<tr>\n<td width=\"45\">2<\/td>\n<td width=\"217\">Psicolog\u00eda Educacional<\/td>\n<td width=\"66\">2\u00b0 C<\/td>\n<td width=\"104\"><\/td>\n<td colspan=\"2\" width=\"95\"><\/td>\n<td width=\"123\"><\/td>\n<\/tr>\n<tr>\n<td width=\"45\">3<\/td>\n<td width=\"217\">Alfabetizaci\u00f3n Acad\u00e9mica<\/td>\n<td width=\"66\">Anual<\/td>\n<td width=\"104\"><\/td>\n<td colspan=\"2\" width=\"95\"><\/td>\n<td width=\"123\"><\/td>\n<\/tr>\n<tr>\n<td width=\"45\">4<\/td>\n<td width=\"217\">Historia Arg. y Latinoamericana<\/td>\n<td width=\"66\">1\u00b0 C<\/td>\n<td width=\"104\"><\/td>\n<td colspan=\"2\" width=\"95\"><\/td>\n<td width=\"123\"><\/td>\n<\/tr>\n<tr>\n<td width=\"45\">5<\/td>\n<td width=\"217\">Historia de la Educ.y Pol\u00edt.E. Arg.<\/td>\n<td width=\"66\">2\u00b0 C<\/td>\n<td width=\"104\"><\/td>\n<td colspan=\"2\" width=\"95\"><\/td>\n<td width=\"123\"><\/td>\n<\/tr>\n<tr>\n<td width=\"45\">6<\/td>\n<td width=\"217\">Pr\u00e1ctica Docente I: la instit.educ.<\/td>\n<td width=\"66\">Anual<\/td>\n<td width=\"104\"><\/td>\n<td colspan=\"2\" width=\"95\"><\/td>\n<td width=\"123\"><\/td>\n<\/tr>\n<tr>\n<td width=\"45\">7<\/td>\n<td width=\"217\">Matem\u00e1tica I<\/td>\n<td width=\"66\">1\u00b0 C<\/td>\n<td width=\"104\"><\/td>\n<td colspan=\"2\" width=\"95\"><\/td>\n<td width=\"123\"><\/td>\n<\/tr>\n<tr>\n<td width=\"45\">\u00a0\u00a0\u00a0 8<\/td>\n<td width=\"217\">Matem\u00e1tica II<\/td>\n<td width=\"66\">2\u00b0 C<\/td>\n<td width=\"104\">7<\/td>\n<td colspan=\"2\" width=\"95\"><\/td>\n<td width=\"123\"><\/td>\n<\/tr>\n<tr>\n<td width=\"45\">9<\/td>\n<td width=\"217\">C\u00e1lculo I<\/td>\n<td width=\"66\">Anual<\/td>\n<td width=\"104\"><\/td>\n<td colspan=\"2\" width=\"95\"><\/td>\n<td width=\"123\"><\/td>\n<\/tr>\n<tr>\n<td width=\"45\">10<\/td>\n<td width=\"217\">F\u00edsica I<\/td>\n<td width=\"66\">Anual<\/td>\n<td width=\"104\"><\/td>\n<td colspan=\"2\" width=\"95\"><\/td>\n<td width=\"123\"><\/td>\n<\/tr>\n<tr>\n<td width=\"45\">11<\/td>\n<td width=\"217\">Qu\u00edmica<\/td>\n<td width=\"66\">Anual<\/td>\n<td width=\"104\"><\/td>\n<td colspan=\"2\" width=\"95\"><\/td>\n<td width=\"123\"><\/td>\n<\/tr>\n<tr>\n<td width=\"45\">12<\/td>\n<td width=\"217\">Did\u00e1ctica General<\/td>\n<td width=\"66\">Anual<\/td>\n<td width=\"104\">1-2<\/td>\n<td colspan=\"2\" width=\"95\"><\/td>\n<td width=\"123\">1-2<\/td>\n<td rowspan=\"10\" width=\"80\">&nbsp;<\/p>\n<p>&nbsp;<\/p>\n<p>&nbsp;<\/p>\n<p>&nbsp;<\/p>\n<p>&nbsp;<\/p>\n<p>SEGUNDO A\u00d1O<\/td>\n<\/tr>\n<tr>\n<td width=\"45\">13<\/td>\n<td width=\"217\">Sociolog\u00eda de la Educaci\u00f3n<\/td>\n<td width=\"66\">2\u00b0 C<\/td>\n<td width=\"104\"><\/td>\n<td colspan=\"2\" width=\"95\">1<\/td>\n<td width=\"123\"><\/td>\n<\/tr>\n<tr>\n<td width=\"45\">14<\/td>\n<td width=\"217\">Filosof\u00eda de la Educaci\u00f3n<\/td>\n<td width=\"66\">1\u00b0 C<\/td>\n<td width=\"104\">1-5<\/td>\n<td colspan=\"2\" width=\"95\"><\/td>\n<td width=\"123\">1-5<\/td>\n<\/tr>\n<tr>\n<td width=\"45\">15<\/td>\n<td width=\"217\">Pr\u00e1ctica Docente II<\/td>\n<td width=\"66\">Anual<\/td>\n<td width=\"104\">2-4<\/td>\n<td colspan=\"2\" width=\"95\">1-6<\/td>\n<td width=\"123\">2-4<\/td>\n<\/tr>\n<tr>\n<td width=\"45\">16<\/td>\n<td width=\"217\">Sujeto de la Educaci\u00f3n<\/td>\n<td width=\"66\">Anual<\/td>\n<td width=\"104\">1-2<\/td>\n<td colspan=\"2\" width=\"95\"><\/td>\n<td width=\"123\">1-2<\/td>\n<\/tr>\n<tr>\n<td width=\"45\">17<\/td>\n<td width=\"217\">C\u00e1lculo II<\/td>\n<td width=\"66\">Anual<\/td>\n<td width=\"104\">8-9<\/td>\n<td colspan=\"2\" width=\"95\"><\/td>\n<td width=\"123\">8-9<\/td>\n<\/tr>\n<tr>\n<td width=\"45\">18<\/td>\n<td width=\"217\">F\u00edsica II: Mec\u00e1nica de fluidos<\/td>\n<td width=\"66\">1\u00b0 C<\/td>\n<td width=\"104\">8-9-10<\/td>\n<td colspan=\"2\" width=\"95\"><\/td>\n<td width=\"123\">8-9-10<\/td>\n<\/tr>\n<tr>\n<td width=\"45\">19<\/td>\n<td width=\"217\">F\u00edsica III: \u00d3ptica<\/td>\n<td width=\"66\">2\u00b0 C<\/td>\n<td width=\"104\">8-9-10-18<\/td>\n<td colspan=\"2\" width=\"95\"><\/td>\n<td width=\"123\">8-9-10-18<\/td>\n<\/tr>\n<tr>\n<td width=\"45\">20<\/td>\n<td width=\"217\">Laboratorio I de F\u00edsica<\/td>\n<td width=\"66\">Anual<\/td>\n<td width=\"104\">7-8-9-10<\/td>\n<td colspan=\"2\" width=\"95\"><\/td>\n<td width=\"123\">7-8-9-10<\/td>\n<\/tr>\n<tr>\n<td width=\"45\">21<\/td>\n<td width=\"217\">Probabilidad y Estad\u00edstica<\/td>\n<td width=\"66\">2\u00b0 C<\/td>\n<td width=\"104\">8-9<\/td>\n<td colspan=\"2\" width=\"95\">7<\/td>\n<td width=\"123\">8-9<\/td>\n<\/tr>\n<tr>\n<td width=\"45\">22<\/td>\n<td width=\"217\">Epistemolog\u00eda e hist.de la Ciencia<\/td>\n<td width=\"66\">1\u00b0 C<\/td>\n<td width=\"104\">13<\/td>\n<td colspan=\"2\" width=\"95\">3<\/td>\n<td width=\"123\">13<\/td>\n<td rowspan=\"10\" width=\"80\">&nbsp;<\/p>\n<p>&nbsp;<\/p>\n<p>&nbsp;<\/p>\n<p>&nbsp;<\/p>\n<p>TERCER A\u00d1O<\/td>\n<\/tr>\n<tr>\n<td width=\"45\">23<\/td>\n<td width=\"217\">Tecnol. de la Inf.y la Comunic.<\/td>\n<td width=\"66\">2\u00b0 C<\/td>\n<td width=\"104\">12-16-17-19-20-21<\/td>\n<td colspan=\"2\" width=\"95\">3-8-9-10-11<\/td>\n<td width=\"123\">12-16-17-19-20-21<\/td>\n<\/tr>\n<tr>\n<td width=\"45\">24<\/td>\n<td width=\"217\">Pr\u00e1ctica Docente III<\/td>\n<td width=\"66\">Anual<\/td>\n<td width=\"104\">12-16-17-19-20-21<\/td>\n<td colspan=\"2\" width=\"95\">3-8-9-10-11-14<\/td>\n<td width=\"123\">12-16-17-19-20-21<\/td>\n<\/tr>\n<tr>\n<td width=\"45\">25<\/td>\n<td width=\"217\">Did\u00e1ctica de la F\u00edsica<\/td>\n<td width=\"66\">Anual<\/td>\n<td width=\"104\">12-13-14-16-18-20<\/td>\n<td colspan=\"2\" width=\"95\">3-9-10<\/td>\n<td width=\"123\">12-13-14-16-18-20<\/td>\n<\/tr>\n<tr>\n<td width=\"45\">26<\/td>\n<td width=\"217\">Fen\u00f3menos Ondulatorios<\/td>\n<td width=\"66\">Anual<\/td>\n<td width=\"104\">19-20<\/td>\n<td colspan=\"2\" width=\"95\">8-9-10<\/td>\n<td width=\"123\">19-20<\/td>\n<\/tr>\n<tr>\n<td width=\"45\">27<\/td>\n<td width=\"217\">F\u00edsica IV: Termodin\u00e1mica<\/td>\n<td width=\"66\">1\u00b0 C<\/td>\n<td width=\"104\">17-18<\/td>\n<td colspan=\"2\" width=\"95\">9-10-11<\/td>\n<td width=\"123\">17-18<\/td>\n<\/tr>\n<tr>\n<td width=\"45\">28<\/td>\n<td width=\"217\">F\u00edsica V: Electromagnetismo<\/td>\n<td width=\"66\">Anual<\/td>\n<td width=\"104\">17-19-20<\/td>\n<td colspan=\"2\" width=\"95\">10-18<\/td>\n<td width=\"123\">17-19-20<\/td>\n<\/tr>\n<tr>\n<td width=\"45\">29<\/td>\n<td width=\"217\">Laboratorio II de F\u00edsica<\/td>\n<td width=\"66\">Anual<\/td>\n<td width=\"104\">12-18-19-21<\/td>\n<td colspan=\"2\" width=\"95\">11-12-20<\/td>\n<td width=\"123\">18-19-21<\/td>\n<\/tr>\n<tr>\n<td width=\"45\">30<\/td>\n<td width=\"217\">Inform\u00e1tica Educativa<\/td>\n<td width=\"66\">2\u00b0 C<\/td>\n<td width=\"104\">16-17-19-20-21<\/td>\n<td colspan=\"2\" width=\"95\">3-8-9-10-11<\/td>\n<td width=\"123\">16-17-19-20-21<\/td>\n<\/tr>\n<tr>\n<td width=\"45\">31<\/td>\n<td width=\"217\">Matem\u00e1tica aplicada<\/td>\n<td width=\"66\">2\u00b0 C<\/td>\n<td width=\"104\">17-19<\/td>\n<td colspan=\"2\" width=\"95\">9-10-18<\/td>\n<td width=\"123\">17-19<\/td>\n<\/tr>\n<tr>\n<td width=\"45\">32<\/td>\n<td width=\"217\">Formaci\u00f3n \u00c9tica y Ciudadana<\/td>\n<td width=\"66\">1\u00b0 C<\/td>\n<td width=\"104\">22<\/td>\n<td colspan=\"2\" width=\"95\">3-4-5-13<\/td>\n<td width=\"123\">22<\/td>\n<td rowspan=\"8\" width=\"80\">&nbsp;<\/p>\n<p>&nbsp;<\/p>\n<p>&nbsp;<\/p>\n<p>&nbsp;<\/p>\n<p>CUARTO A\u00d1O<\/td>\n<\/tr>\n<tr>\n<td width=\"45\">33<\/td>\n<td width=\"217\">Integraci\u00f3n e inclusi\u00f3n educativa<\/td>\n<td width=\"66\">2\u00b0 C<\/td>\n<td width=\"104\">23<\/td>\n<td colspan=\"2\" width=\"95\">3-13-16<\/td>\n<td width=\"123\">23<\/td>\n<\/tr>\n<tr>\n<td width=\"45\">34<\/td>\n<td width=\"217\">Educaci\u00f3n Sexual Integral<\/td>\n<td width=\"66\">2\u00b0 C<\/td>\n<td width=\"104\"><\/td>\n<td colspan=\"2\" width=\"95\">2-13-16<\/td>\n<td width=\"123\"><\/td>\n<\/tr>\n<tr>\n<td width=\"45\">35<\/td>\n<td width=\"217\">Residencia y Sistemat.de Exp.<\/td>\n<td width=\"66\">Anual<\/td>\n<td width=\"104\">22-23-25-26-27-28-29-30-31<\/td>\n<td colspan=\"2\" width=\"95\">16-17-19-20-21-24<\/td>\n<td width=\"123\">22-23-25-26-27-28-29-30-31<\/td>\n<\/tr>\n<tr>\n<td width=\"45\">36<\/td>\n<td width=\"217\">La F\u00edsica del siglo XX (F.te\u00f3rica)<\/td>\n<td width=\"66\">Anual<\/td>\n<td width=\"104\">26-28-29-30<\/td>\n<td colspan=\"2\" width=\"95\"><\/td>\n<td width=\"123\">26-28-29-30<\/td>\n<\/tr>\n<tr>\n<td width=\"45\">37<\/td>\n<td width=\"217\">Astronom\u00eda<\/td>\n<td width=\"66\">1\u00b0 C<\/td>\n<td width=\"104\">26-27-28-30-31<\/td>\n<td colspan=\"2\" width=\"95\">20-21<\/td>\n<td width=\"123\">26-27-28-30-31<\/td>\n<\/tr>\n<tr>\n<td width=\"45\">38<\/td>\n<td width=\"217\">F\u00edsica Qu\u00edmica<\/td>\n<td width=\"66\">2\u00b0 C<\/td>\n<td width=\"104\">27-28-29-30<\/td>\n<td colspan=\"2\" width=\"95\">21<\/td>\n<td width=\"123\">27-28-29-30<\/td>\n<\/tr>\n<tr>\n<td width=\"45\">39<\/td>\n<td width=\"217\">F\u00edsica y ecolog\u00eda<\/td>\n<td width=\"66\">Anual<\/td>\n<td width=\"104\">27-28-29-30<\/td>\n<td colspan=\"2\" width=\"95\">21<\/td>\n<td width=\"123\">27-28-29-30<\/td>\n<\/tr>\n<tr>\n<td colspan=\"5\" width=\"467\"><\/td>\n<td colspan=\"3\" width=\"262\"><\/td>\n<\/tr>\n<tr>\n<td width=\"45\"><\/td>\n<td width=\"217\"><\/td>\n<td width=\"66\"><\/td>\n<td width=\"104\"><\/td>\n<td width=\"34\"><\/td>\n<td width=\"60\"><\/td>\n<td width=\"123\"><\/td>\n<td width=\"80\"><\/td>\n<\/tr>\n<\/tbody>\n<\/table>\n<p>&nbsp;<\/p>\n<p>&nbsp;<\/p>\n","protected":false},"excerpt":{"rendered":"<p>PROFESORADO DE EDUCACI\u00d3N SECUNDARIA EN F\u00cdSICA R\u00e9gimen de Correlatividades &#8211; RESOLUCI\u00d3N MINISTERIAL N\u00ba 0503 &nbsp; N\u00b0 de Orden \u00a0 Unidad Curricular R\u00e9gimen de Cursado Para cursar debe tener Regular Para cursar debe tener Aprobado Para rendir o promocionar debe tener Aprobado \u00a0 Curso 1 Pedagog\u00eda 1\u00b0 C &nbsp; &nbsp; &nbsp; &nbsp; PRIMER A\u00d1O 2 Psicolog\u00eda &#8230; <a title=\"R\u00e9gimen de correlatividades\" class=\"read-more\" href=\"https:\/\/isfdc1-sgo.infd.edu.ar\/sitio\/regimen-de-correlatividades-4\/\" aria-label=\"More on R\u00e9gimen de correlatividades\">[+]<\/a><\/p>\n","protected":false},"author":9,"featured_media":0,"parent":0,"menu_order":0,"comment_status":"closed","ping_status":"closed","template":"","meta":[],"acf":[],"_links":{"self":[{"href":"https:\/\/isfdc1-sgo.infd.edu.ar\/sitio\/wp-json\/wp\/v2\/pages\/1275"}],"collection":[{"href":"https:\/\/isfdc1-sgo.infd.edu.ar\/sitio\/wp-json\/wp\/v2\/pages"}],"about":[{"href":"https:\/\/isfdc1-sgo.infd.edu.ar\/sitio\/wp-json\/wp\/v2\/types\/page"}],"author":[{"embeddable":true,"href":"https:\/\/isfdc1-sgo.infd.edu.ar\/sitio\/wp-json\/wp\/v2\/users\/9"}],"replies":[{"embeddable":true,"href":"https:\/\/isfdc1-sgo.infd.edu.ar\/sitio\/wp-json\/wp\/v2\/comments?post=1275"}],"version-history":[{"count":3,"href":"https:\/\/isfdc1-sgo.infd.edu.ar\/sitio\/wp-json\/wp\/v2\/pages\/1275\/revisions"}],"predecessor-version":[{"id":1365,"href":"https:\/\/isfdc1-sgo.infd.edu.ar\/sitio\/wp-json\/wp\/v2\/pages\/1275\/revisions\/1365"}],"wp:attachment":[{"href":"https:\/\/isfdc1-sgo.infd.edu.ar\/sitio\/wp-json\/wp\/v2\/media?parent=1275"}],"curies":[{"name":"wp","href":"https:\/\/api.w.org\/{rel}","templated":true}]}}