{"id":286,"date":"2016-10-31T13:17:59","date_gmt":"2016-10-31T16:17:59","guid":{"rendered":"https:\/\/isfdc1-sgo.infd.edu.ar\/sitio\/?page_id=286"},"modified":"2020-04-02T18:32:58","modified_gmt":"2020-04-02T21:32:58","slug":"inicio","status":"publish","type":"page","link":"https:\/\/isfdc1-sgo.infd.edu.ar\/sitio\/","title":{"rendered":"Inicio"},"content":{"rendered":"<div id=\"metaslider-id-403\" style=\"width: 100%;\" class=\"ml-slider-3-33-0 metaslider metaslider-flex metaslider-403 ml-slider ms-theme-default\" role=\"region\" aria-roledescription=\"Slideshow\" aria-label=\"Slideshow\">\n    <div id=\"metaslider_container_403\">\n        <div id=\"metaslider_403\" class=\"flexslider\">\n            <ul aria-live=\"polite\" class=\"slides\">\n                <li style=\"display: block; width: 100%;\" class=\"slide-607 ms-image\" aria-roledescription=\"slide\" aria-label=\"slide-607\"><a href=\"https:\/\/mapa.infd.edu.ar\/\" target=\"_blank\"><img src=\"https:\/\/isfdc1-sgo.infd.edu.ar\/sitio\/wp-content\/uploads\/2018\/06\/mapa_infd6-1100x200.png\" height=\"200\" width=\"1100\" alt=\"\" class=\"slider-403 slide-607\" title=\"mapa_infd6\" \/><\/a><\/li>\n                <li style=\"display: none; width: 100%;\" class=\"slide-609 ms-image\" aria-roledescription=\"slide\" aria-label=\"slide-609\"><a href=\"https:\/\/www.argentina.gob.ar\/educacion\/becas\" target=\"_blank\"><img src=\"https:\/\/isfdc1-sgo.infd.edu.ar\/sitio\/wp-content\/uploads\/2018\/06\/becas7-1100x200.png\" height=\"200\" width=\"1100\" alt=\"\" class=\"slider-403 slide-609\" title=\"becas7\" \/><\/a><\/li>\n                <li style=\"display: none; width: 100%;\" class=\"slide-635 ms-image\" aria-roledescription=\"slide\" aria-label=\"slide-635\"><a href=\"https:\/\/www.argentina.gob.ar\/tema\/estudiar\/formacion-docencia\" target=\"_blank\"><img src=\"https:\/\/isfdc1-sgo.infd.edu.ar\/sitio\/wp-content\/uploads\/2018\/06\/convocatorias_slide6-1-1100x200.png\" height=\"200\" width=\"1100\" alt=\"\" class=\"slider-403 slide-635\" title=\"convocatorias_slide6-1\" \/><\/a><\/li>\n            <\/ul>\n        <\/div>\n        \n    <\/div>\n<\/div>\n<table id=\"table1\" style=\"width: 500px;\" border=\"1\" cellspacing=\"0\" cellpadding=\"10\">\n<tbody>\n<tr>\n<td style=\"border: 1px solid;\">\n<h2 class=\"MsoNormal Texto_verdana Texto_arial\" style=\"text-align: center;\"><span style=\"color: #0000ff; font-family: 'arial black', 'avant garde';\"><span style=\"font-size: 14pt;\"><span style=\"font-size: 18pt;\">Instituto Superior de Formaci\u00f3n <\/span><\/span><\/span><\/h2>\n<h2 class=\"MsoNormal Texto_verdana Texto_arial\" style=\"text-align: center;\"><span style=\"color: #0000ff; font-family: 'arial black', 'avant garde';\"><span style=\"font-size: 14pt;\"><span style=\"font-size: 18pt;\">Docente Continua N\u00ba1 <\/span><\/span><\/span><\/h2>\n<h2 class=\"MsoNormal Texto_verdana Texto_arial\" style=\"text-align: center;\"><span style=\"color: #0000ff; font-family: 'arial black', 'avant garde';\"><span style=\"font-size: 12pt;\"><span style=\"font-size: 14pt;\"><span style=\"font-size: 18pt;\">\u00abMonse\u00f1or\u00a0 Dr. Jorge\u00a0 Gottau\u00bb<\/span><\/span><\/span><\/span><\/h2>\n<h2 class=\"MsoNormal\" style=\"text-align: center;\"><span style=\"font-family: trebuchet ms,geneva;\"><span style=\"color: #002060;\"><span style=\"font-size: 12pt;\"><span style=\"font-size: 14pt;\"><span style=\"font-family: impact,chicago;\"><span style=\"font-size: 18pt;\"><span style=\"color: #800000;\">\u00a0<\/span><\/span><\/span><\/span><\/span><\/span><\/span><\/h2>\n<p class=\"MsoNormal\" style=\"text-align: center;\"><img decoding=\"async\" title=\"\" src=\"https:\/\/isfdc1-sgo.infd.edu.ar\/sitio\/wp-content\/uploads\/2018\/08\/Frente_ISFDC_N1.jpg\" alt=\"\" border=\"0\" \/><\/p>\n<div style=\"text-align: center;\">\n<div style=\"text-align: left; width: 400px;\">\n<p><span style=\"color: black;\">E<\/span><span style=\"color: black;\">ste Instituto Superior de Formaci\u00f3n Docente Continua\u00a0forma parte del sistema de educaci\u00f3n p\u00fablica de gesti\u00f3n estatal.<\/span><\/p>\n<\/div>\n<\/div>\n<p style=\"text-align: justify;\"><span style=\"color: black; font-size: 10pt;\"><span style=\"font-family: book antiqua,palatino;\"><span style=\"font-size: 12pt;\">A trav\u00e9s de este sitio en Internet, nuestro Instituto podr\u00e1 comunicar novedades, acercar informaci\u00f3n, compartir experiencias y brindar apoyo y asesoramiento a alumnos, docentes e interesados en formar parte de esta comunidad educativa. Junto con varios cientos de institutos, integramos la\u00a0<\/span><\/span><\/span><span style=\"font-size: 10pt; color: black; font-family: Verdana;\"><strong><em><span style=\"font-family: Verdana;\"><span style=\"font-size: 14pt; color: black; font-family: Verdana;\"><img decoding=\"async\" class=\"aligncenter\" src=\"https:\/\/isfdc1-sgo.infd.edu.ar\/sitio\/wp-content\/uploads\/2018\/08\/la_red.jpg\" alt=\"Red virtual\" border=\"0\" hspace=\"10\" \/><\/span><\/span><\/em><\/strong>coordinada por el <span style=\"font-family: Verdana;\">INFoD<\/span> (Instituto Nacional de Formaci\u00f3n Docente) dependiente del Ministerio de Educaci\u00f3n de la Naci\u00f3n Argentina.<\/span><\/p>\n<\/td>\n<\/tr>\n<\/tbody>\n<\/table>\n<p style=\"text-align: right;\"><span style=\"font-family: 'comic sans ms', sans-serif; font-size: 24pt;\"><span style=\"font-size: 19px; text-decoration: underline;\">\u00a0<\/span><\/span><\/p>\n<p style=\"text-align: center;\"><span style=\"font-size: 24pt;\"><span style=\"font-size: 19px;\">\u00a0<\/span><\/span><\/p>\n","protected":false},"excerpt":{"rendered":"<p>Instituto Superior de Formaci\u00f3n Docente Continua N\u00ba1 \u00abMonse\u00f1or\u00a0 Dr. Jorge\u00a0 Gottau\u00bb \u00a0 Este Instituto Superior de Formaci\u00f3n Docente Continua\u00a0forma parte del sistema de educaci\u00f3n p\u00fablica de gesti\u00f3n estatal. A trav\u00e9s de este sitio en Internet, nuestro Instituto podr\u00e1 comunicar novedades, acercar informaci\u00f3n, compartir experiencias y brindar apoyo y asesoramiento a alumnos, docentes e interesados en &#8230; <a title=\"Inicio\" class=\"read-more\" href=\"https:\/\/isfdc1-sgo.infd.edu.ar\/sitio\/\" aria-label=\"More on Inicio\">[+]<\/a><\/p>\n","protected":false},"author":1,"featured_media":0,"parent":0,"menu_order":0,"comment_status":"closed","ping_status":"closed","template":"","meta":[],"acf":[],"_links":{"self":[{"href":"https:\/\/isfdc1-sgo.infd.edu.ar\/sitio\/wp-json\/wp\/v2\/pages\/286"}],"collection":[{"href":"https:\/\/isfdc1-sgo.infd.edu.ar\/sitio\/wp-json\/wp\/v2\/pages"}],"about":[{"href":"https:\/\/isfdc1-sgo.infd.edu.ar\/sitio\/wp-json\/wp\/v2\/types\/page"}],"author":[{"embeddable":true,"href":"https:\/\/isfdc1-sgo.infd.edu.ar\/sitio\/wp-json\/wp\/v2\/users\/1"}],"replies":[{"embeddable":true,"href":"https:\/\/isfdc1-sgo.infd.edu.ar\/sitio\/wp-json\/wp\/v2\/comments?post=286"}],"version-history":[{"count":78,"href":"https:\/\/isfdc1-sgo.infd.edu.ar\/sitio\/wp-json\/wp\/v2\/pages\/286\/revisions"}],"predecessor-version":[{"id":1344,"href":"https:\/\/isfdc1-sgo.infd.edu.ar\/sitio\/wp-json\/wp\/v2\/pages\/286\/revisions\/1344"}],"wp:attachment":[{"href":"https:\/\/isfdc1-sgo.infd.edu.ar\/sitio\/wp-json\/wp\/v2\/media?parent=286"}],"curies":[{"name":"wp","href":"https:\/\/api.w.org\/{rel}","templated":true}]}}